{"id":563,"date":"2024-03-03T18:52:40","date_gmt":"2024-03-03T18:52:40","guid":{"rendered":"https:\/\/hosting.tmc.jetzt\/WGS20002\/?page_id=563"},"modified":"2026-03-09T14:01:39","modified_gmt":"2026-03-09T14:01:39","slug":"weine","status":"publish","type":"page","link":"https:\/\/weingut-spies.com\/index.php\/weine\/","title":{"rendered":"Weine"},"content":{"rendered":"<p><div id=\"weissweine\"><div class=\"fusion-fullwidth fullwidth-box fusion-builder-row-1 nonhundred-percent-fullwidth non-hundred-percent-height-scrolling\" style=\"background-color: rgba(255,255,255,0);background-position: center center;background-repeat: no-repeat;padding-top:0px;padding-right:0px;padding-bottom:0%;padding-left:0px;margin-bottom: 0px;margin-top: 0px;border-width: 0px 0px 0px 0px;border-color:#eae9e9;border-style:solid;\" ><div class=\"fusion-builder-row fusion-row\"><div class=\"fusion-layout-column fusion_builder_column fusion-builder-column-0 fusion_builder_column_1_1 1_1 fusion-one-full fusion-column-first fusion-column-last fusion-no-large-visibility\" style=\"margin-top:0px;margin-bottom:0px;\"><div class=\"fusion-column-wrapper fusion-flex-column-wrapper-legacy\" style=\"background-position:left top;background-repeat:no-repeat;-webkit-background-size:cover;-moz-background-size:cover;-o-background-size:cover;background-size:cover;padding: 0px 0px 0px 0px;\"><div class=\"fusion-sep-clear\"><\/div><div class=\"fusion-separator fusion-full-width-sep\" style=\"margin-left: auto;margin-right: auto;margin-bottom:3%;width:100%;\"><\/div><div class=\"fusion-sep-clear\"><\/div><div class=\"fusion-clearfix\"><\/div><\/div><\/div><div class=\"fusion-layout-column fusion_builder_column fusion-builder-column-1 fusion_builder_column_1_1 1_1 fusion-one-full fusion-column-first fusion-column-last fusion-animated\" style=\"margin-top:0px;margin-bottom:3%;\" data-animationType=\"fadeInUp\" data-animationDuration=\"1.0\" data-animationOffset=\"100%\"><div class=\"fusion-column-wrapper fusion-flex-column-wrapper-legacy\" style=\"background-position:left top;background-repeat:no-repeat;-webkit-background-size:cover;-moz-background-size:cover;-o-background-size:cover;background-size:cover;padding: 0% 8% 0% 0px;\"><style type=\"text\/css\"><\/style><div class=\"fusion-title title fusion-title-1 fusion-sep-none fusion-title-text fusion-title-size-three\" style=\"margin-top:0px;margin-right:0px;margin-bottom:31px;margin-left:0px;\"><h3 class=\"title-heading-left\" style=\"margin:0;\"><em><span style=\"font-family: Lora; font-weight: 400;\" data-fusion-font=\"true\" data-fusion-google-font=\"Lora\" data-fusion-google-variant=\"400\">Nun zum Wesentlichen: Wir m\u00f6gen Klarheit. Wir m\u00f6chten die Typizit\u00e4t der Rebsorte schmecken, denn die Vielfalt ist \u00fcberw\u00e4ltigend. Probieren Sie selbst!<\/span><\/em><\/h3><\/div><div class=\"fusion-clearfix\"><\/div><\/div><\/div><div class=\"fusion-layout-column fusion_builder_column fusion-builder-column-2 fusion_builder_column_1_2 1_2 fusion-one-half fusion-column-first\" style=\"width:50%;width:calc(50% - ( ( 9% ) * 0.5 ) );margin-right: 9%;margin-top:0px;margin-bottom:7%;\"><div class=\"fusion-column-wrapper fusion-flex-column-wrapper-legacy\" style=\"background-position:left top;background-repeat:no-repeat;-webkit-background-size:cover;-moz-background-size:cover;-o-background-size:cover;background-size:cover;padding: 77px 0px 102px 0px;\"><div class=\"imageframe-liftup\"><span class=\" fusion-imageframe imageframe-none imageframe-1 fusion-animated\" data-animationType=\"fadeIn\" data-animationDuration=\"1.0\" data-animationOffset=\"100%\"><img decoding=\"async\" width=\"2560\" height=\"1920\" alt=\"Dominic Scott\" title=\"20240508_165126\" src=\"https:\/\/weingut-spies.com\/wp-content\/uploads\/2024\/06\/20240508_165126-scaled.jpg\" class=\"img-responsive wp-image-3992\" srcset=\"https:\/\/weingut-spies.com\/wp-content\/uploads\/2024\/06\/20240508_165126-200x150.jpg 200w, https:\/\/weingut-spies.com\/wp-content\/uploads\/2024\/06\/20240508_165126-400x300.jpg 400w, https:\/\/weingut-spies.com\/wp-content\/uploads\/2024\/06\/20240508_165126-600x450.jpg 600w, https:\/\/weingut-spies.com\/wp-content\/uploads\/2024\/06\/20240508_165126-800x600.jpg 800w, https:\/\/weingut-spies.com\/wp-content\/uploads\/2024\/06\/20240508_165126-1200x900.jpg 1200w, https:\/\/weingut-spies.com\/wp-content\/uploads\/2024\/06\/20240508_165126-scaled.jpg 2560w\" sizes=\"(max-width: 1000px) 100vw, 800px\" \/><\/span><\/div><div class=\"fusion-clearfix\"><\/div><\/div><\/div><div class=\"fusion-layout-column fusion_builder_column fusion-builder-column-3 fusion_builder_column_1_2 1_2 fusion-one-half fusion-column-last fusion-animated\" style=\"width:50%;width:calc(50% - ( ( 9% ) * 0.5 ) );margin-top:0px;margin-bottom:7%;\" data-animationType=\"fadeInUp\" data-animationDuration=\"1.0\" data-animationOffset=\"100%\"><div class=\"fusion-column-wrapper fusion-flex-column-wrapper-legacy\" style=\"background-position:left top;background-repeat:no-repeat;-webkit-background-size:cover;-moz-background-size:cover;-o-background-size:cover;background-size:cover;padding: 8% 8% 8% 0px;\"><style type=\"text\/css\"><\/style><div class=\"fusion-title title fusion-title-2 fusion-sep-none fusion-title-text fusion-title-size-six\" style=\"margin-top:0px;margin-right:0px;margin-bottom:5%;margin-left:0px;\"><h6 class=\"title-heading-left\" style=\"margin:0;\">UNSERE AUSGEZEICHNETEN<\/h6><\/div><style type=\"text\/css\"><\/style><div class=\"fusion-title title fusion-title-3 fusion-sep-none fusion-title-text fusion-title-size-two\" style=\"font-size:70px;margin-top:0px;margin-right:0px;margin-bottom:31px;margin-left:0px;\"><h2 class=\"title-heading-left\" style=\"margin:0;font-size:1em;line-height:1.2;\">WeissweinE<\/h2><\/div><div class=\"fusion-text fusion-text-1\"><p>Neben den Klassikern Riesling, Wei\u00df- und Grauburgunder umfasst unser Sortiment eine ganze Reihe weiterer Rebsorten, in verschiedenen Stilistiken ausgebaut. Frisch-fruchtige Weine finden Sie ebenso wie markante Lagen-Rieslinge oder Premium-Wei\u00dfweine aus dem Holzfass: So vielseitig wie die Anl\u00e4sse, bei denen sie genossen werden\u2026<\/p>\n<\/div><div class=\"fusion-clearfix\"><\/div><\/div><\/div><\/div><\/div><\/div><div id=\"rotweine\"><div class=\"fusion-fullwidth fullwidth-box fusion-builder-row-2 nonhundred-percent-fullwidth non-hundred-percent-height-scrolling\" style=\"background-color: rgba(255,255,255,0);background-position: center center;background-repeat: no-repeat;padding-top:0px;padding-right:0px;padding-bottom:0%;padding-left:0px;margin-bottom: 0px;margin-top: 0px;border-width: 0px 0px 0px 0px;border-color:#eae9e9;border-style:solid;\" ><div class=\"fusion-builder-row fusion-row\"><div class=\"fusion-layout-column fusion_builder_column fusion-builder-column-4 fusion_builder_column_1_2 1_2 fusion-one-half fusion-column-first fusion-animated\" style=\"width:50%;width:calc(50% - ( ( 4% ) * 0.5 ) );margin-right: 4%;margin-top:0px;margin-bottom:7%;\" data-animationType=\"fadeInUp\" data-animationDuration=\"1.0\" data-animationOffset=\"100%\"><div class=\"fusion-column-wrapper fusion-flex-column-wrapper-legacy\" style=\"background-position:left top;background-repeat:no-repeat;-webkit-background-size:cover;-moz-background-size:cover;-o-background-size:cover;background-size:cover;padding: 8% 8% 8% 0px;\"><style type=\"text\/css\"><\/style><div class=\"fusion-title title fusion-title-4 fusion-sep-none fusion-title-text fusion-title-size-six\" style=\"margin-top:0px;margin-right:0px;margin-bottom:5%;margin-left:0px;\"><h6 class=\"title-heading-left\" style=\"margin:0;\">UNSERE AUSGEZEICHNETEN<\/h6><\/div><style type=\"text\/css\"><\/style><div class=\"fusion-title title fusion-title-5 fusion-sep-none fusion-title-text fusion-title-size-two\" style=\"font-size:70px;margin-top:0px;margin-right:0px;margin-bottom:31px;margin-left:0px;\"><h2 class=\"title-heading-left\" style=\"margin:0;font-size:1em;line-height:1.2;\">Rotweine<\/h2><\/div><div class=\"fusion-text fusion-text-2\"><p>Sp\u00e4tburgunder, Merlot und Cabernet Sauvignon bilden den Schwerpunkt unserer Rotwein-Kollektion. Die Weine des Basis-Sortiments sind fruchtbetont ausgebaut, die Premium-Weine reifen in Holzf\u00e4ssern. Die besten Weine eines Jahrgangs d\u00fcrfen bis zu 18 Monate im Barrique lagern. Hier ist keine Eile geboten \u2013 was gut ist, wird mit der Zeit noch besser.<\/p>\n<\/div><div class=\"fusion-clearfix\"><\/div><\/div><\/div><div class=\"fusion-layout-column fusion_builder_column fusion-builder-column-5 fusion_builder_column_1_2 1_2 fusion-one-half fusion-column-last\" style=\"width:50%;width:calc(50% - ( ( 4% ) * 0.5 ) );margin-top:80px;margin-bottom:8%;\"><div class=\"fusion-column-wrapper fusion-flex-column-wrapper-legacy\" style=\"background-position:left top;background-repeat:no-repeat;-webkit-background-size:cover;-moz-background-size:cover;-o-background-size:cover;background-size:cover;padding: 0px 0px 0px 0px;\"><div class=\"imageframe-liftup\"><span class=\" fusion-imageframe imageframe-none imageframe-2 fusion-animated\" data-animationType=\"fadeIn\" data-animationDuration=\"1.0\" data-animationOffset=\"100%\"><img decoding=\"async\" width=\"2560\" height=\"1440\" alt=\"Dominic Scott\" title=\"20250526_073823\" src=\"https:\/\/weingut-spies.com\/wp-content\/uploads\/2025\/07\/20250526_073823-scaled.jpg\" class=\"img-responsive wp-image-4159\" srcset=\"https:\/\/weingut-spies.com\/wp-content\/uploads\/2025\/07\/20250526_073823-200x113.jpg 200w, https:\/\/weingut-spies.com\/wp-content\/uploads\/2025\/07\/20250526_073823-400x225.jpg 400w, https:\/\/weingut-spies.com\/wp-content\/uploads\/2025\/07\/20250526_073823-600x338.jpg 600w, https:\/\/weingut-spies.com\/wp-content\/uploads\/2025\/07\/20250526_073823-800x450.jpg 800w, https:\/\/weingut-spies.com\/wp-content\/uploads\/2025\/07\/20250526_073823-1200x675.jpg 1200w, https:\/\/weingut-spies.com\/wp-content\/uploads\/2025\/07\/20250526_073823-scaled.jpg 2560w\" sizes=\"(max-width: 1000px) 100vw, 800px\" \/><\/span><\/div><div class=\"fusion-clearfix\"><\/div><\/div><\/div><\/div><\/div><\/div><div id=\"weinkarte\"><div class=\"fusion-fullwidth fullwidth-box fusion-builder-row-3 nonhundred-percent-fullwidth non-hundred-percent-height-scrolling\" style=\"background-color: rgba(255,255,255,0);background-position: center center;background-repeat: no-repeat;padding-top:0px;padding-right:0px;padding-bottom:0px;padding-left:0px;margin-bottom: 0px;margin-top: 0px;border-width: 0px 0px 0px 0px;border-color:#eae9e9;border-style:solid;\" ><div class=\"fusion-builder-row fusion-row\"><div class=\"fusion-layout-column fusion_builder_column fusion-builder-column-6 fusion_builder_column_1_2 1_2 fusion-one-half fusion-column-first fusion-animated\" style=\"width:50%;width:calc(50% - ( ( 4% ) * 0.5 ) );margin-right: 4%;margin-top:0px;margin-bottom:0px;\" data-animationType=\"fadeInUp\" data-animationDuration=\"1.0\" data-animationOffset=\"100%\"><div class=\"fusion-column-wrapper fusion-flex-column-wrapper-legacy\" style=\"background-position:left top;background-repeat:no-repeat;-webkit-background-size:cover;-moz-background-size:cover;-o-background-size:cover;background-size:cover;padding: 0% 8% 8% 0px;\"><style type=\"text\/css\"><\/style><div class=\"fusion-title title fusion-title-6 fusion-sep-none fusion-title-text fusion-title-size-six\" style=\"margin-top:0px;margin-right:0px;margin-bottom:5%;margin-left:0px;\"><h6 class=\"title-heading-left\" style=\"margin:0;\">INTERESSIERT AN UNSERER<\/h6><\/div><style type=\"text\/css\"><\/style><div class=\"fusion-title title fusion-title-7 fusion-sep-none fusion-title-text fusion-title-size-two\" style=\"font-size:70px;margin-top:0px;margin-right:0px;margin-bottom:31px;margin-left:0px;\"><h2 class=\"title-heading-left\" style=\"margin:0;font-size:1em;line-height:1.2;\">Weinkarte<\/h2><\/div><div class=\"fusion-text fusion-text-3\"><p>Bitte st\u00f6bern: Das gesamte Sortiment finden Sie hier in unserer Weinkarte. Preise auf Anfrage, bitte mit Angabe der Lieferadresse: So k\u00f6nnen wir pr\u00fcfen, ob unser Wein bei einem H\u00e4ndler in Ihrer N\u00e4he zu haben ist und finden immer die beste Einkaufsm\u00f6glichkeit f\u00fcr Sie. Oder Sie nutzen f\u00fcr Ihren Einkauf unseren <strong><em><a href=\"https:\/\/weinstore.net\/webshop\/19.0\/index.php?shop_id=ZiDQ2wAChhkWAvK1Js2CVg==&amp;user_id=ZiDQ2wACgMEm1Un\/BKXs\/g==&amp;\">Online-Shop<\/a><\/em><\/strong>: Hier steht eine Auswahl an Weinen f\u00fcr den bequemen Direkt-Kauf zur Verf\u00fcgung.<\/p>\n<\/div><div class=\"fusion-button-wrapper\"><style type=\"text\/css\">.fusion-button.button-1 {border-radius:0px;}<\/style><a class=\"fusion-button button-flat fusion-button-default-size button-default button-1 fusion-button-default-span fusion-button-default-type\" target=\"_self\" href=\"https:\/\/weingut-spies.com\/wp-content\/uploads\/2026\/03\/03_WEINKARTE_Fruhjahr_2026_web.pdf\"><span class=\"fusion-button-text\">Weinkarte<\/span><\/a><\/div><div class=\"fusion-sep-clear\"><\/div><div class=\"fusion-separator fusion-full-width-sep\" style=\"margin-left: auto;margin-right: auto;margin-bottom:3%;width:100%;\"><\/div><div class=\"fusion-sep-clear\"><\/div><div class=\"fusion-clearfix\"><\/div><\/div><\/div><div class=\"fusion-layout-column fusion_builder_column fusion-builder-column-7 fusion_builder_column_1_2 1_2 fusion-one-half fusion-column-last\" style=\"width:50%;width:calc(50% - ( ( 4% ) * 0.5 ) );margin-top:0px;margin-bottom:8%;\"><div class=\"fusion-column-wrapper fusion-flex-column-wrapper-legacy\" style=\"background-position:left top;background-repeat:no-repeat;-webkit-background-size:cover;-moz-background-size:cover;-o-background-size:cover;background-size:cover;padding: 0px 0px 0px 0px;\"><div class=\"imageframe-liftup\"><span class=\" fusion-imageframe imageframe-none imageframe-3 fusion-animated\" data-animationType=\"fadeIn\" data-animationDuration=\"1.0\" data-animationOffset=\"100%\"><a class=\"fusion-no-lightbox\" href=\"https:\/\/weingut-spies.com\/wp-content\/uploads\/2026\/03\/03_WEINKARTE_Fruhjahr_2026_web.pdf\" target=\"_blank\" aria-label=\"WEINKARTE_Fru\u0308hjahr_2026_Titel_rz\" rel=\"noopener noreferrer\"><img decoding=\"async\" width=\"1191\" height=\"595\" alt=\"Weinkarte\" src=\"https:\/\/weingut-spies.com\/wp-content\/uploads\/2026\/03\/WEINKARTE_Fruehjahr_2026_Titel_rz.jpg\" class=\"img-responsive wp-image-4249\" srcset=\"https:\/\/weingut-spies.com\/wp-content\/uploads\/2026\/03\/WEINKARTE_Fruehjahr_2026_Titel_rz-200x100.jpg 200w, https:\/\/weingut-spies.com\/wp-content\/uploads\/2026\/03\/WEINKARTE_Fruehjahr_2026_Titel_rz-400x200.jpg 400w, https:\/\/weingut-spies.com\/wp-content\/uploads\/2026\/03\/WEINKARTE_Fruehjahr_2026_Titel_rz-600x300.jpg 600w, https:\/\/weingut-spies.com\/wp-content\/uploads\/2026\/03\/WEINKARTE_Fruehjahr_2026_Titel_rz-800x400.jpg 800w, https:\/\/weingut-spies.com\/wp-content\/uploads\/2026\/03\/WEINKARTE_Fruehjahr_2026_Titel_rz.jpg 1191w\" sizes=\"(max-width: 1000px) 100vw, 800px\" \/><\/a><\/span><\/div><div class=\"fusion-clearfix\"><\/div><\/div><\/div><\/div><\/div><\/div><div id=\"weineinkauf\"><div class=\"fusion-fullwidth fullwidth-box fusion-builder-row-4 hundred-percent-fullwidth non-hundred-percent-height-scrolling fusion-equal-height-columns\" style=\"background-color: #9c866e;background-position: center center;background-repeat: no-repeat;padding-top:0px;padding-right:0px;padding-bottom:0px;padding-left:0px;margin-bottom: 0px;margin-top: 0px;border-width: 0px 0px 0px 0px;border-color:#eae9e9;border-style:solid;\" ><div class=\"fusion-builder-row fusion-row\"><div class=\"fusion-layout-column fusion_builder_column fusion-builder-column-8 fusion_builder_column_2_5 2_5 fusion-two-fifth fusion-column-first fusion-animated\" style=\"width:40%;width:calc(40% - ( ( 0% ) * 0.4 ) );margin-right: 0%;margin-top:0px;margin-bottom:0px;\" data-animationType=\"fadeInRight\" data-animationDuration=\"1.0\" data-animationOffset=\"100%\"><div class=\"fusion-column-wrapper fusion-flex-column-wrapper-legacy\" style=\"background-position:left top;background-repeat:no-repeat;-webkit-background-size:cover;-moz-background-size:cover;-o-background-size:cover;background-size:cover;background-color:#9c866e;padding: 70px 15% 5% 16%;\"><style type=\"text\/css\"><\/style><div class=\"fusion-title title fusion-title-8 fusion-sep-none fusion-title-text fusion-title-size-one\" style=\"margin-top:0px;margin-right:0px;margin-bottom:31px;margin-left:0px;\"><h1 class=\"title-heading-left\" style=\"margin:0;color:#ffffff;\">Weineinkauf<\/h1><\/div><div class=\"fusion-sep-clear\"><\/div><div class=\"fusion-separator fusion-no-large-visibility fusion-full-width-sep\" style=\"margin-left: auto;margin-right: auto;margin-top:100px;width:100%;\"><\/div><div class=\"fusion-sep-clear\"><\/div><div class=\"fusion-clearfix\"><\/div><\/div><\/div><div class=\"fusion-layout-column fusion_builder_column fusion-builder-column-9 fusion_builder_column_3_5 3_5 fusion-three-fifth fusion-column-last fusion-animated\" style=\"width:60%;width:calc(60% - ( ( 0% ) * 0.6 ) );margin-top:0px;margin-bottom:0px;\" data-animationType=\"fadeIn\" data-animationDuration=\"1.0\" data-animationOffset=\"100%\"><div class=\"fusion-column-wrapper fusion-flex-column-wrapper-legacy\" style=\"background-image: url(&#039;https:\/\/weingut-spies.com\/wp-content\/uploads\/2022\/10\/2.3.1-Weine_Weineinkauf_Einkauf-vor-Ort-scaled.jpg&#039;);background-position:center center;background-repeat:no-repeat;-webkit-background-size:cover;-moz-background-size:cover;-o-background-size:cover;background-size:cover;padding: 0px 0px 257px 0px;\" data-bg-url=\"https:\/\/weingut-spies.com\/wp-content\/uploads\/2022\/10\/2.3.1-Weine_Weineinkauf_Einkauf-vor-Ort-scaled.jpg\"><div class=\"fusion-clearfix\"><\/div><\/div><\/div><\/div><\/div><\/div><div class=\"fusion-fullwidth fullwidth-box fusion-builder-row-5 nonhundred-percent-fullwidth non-hundred-percent-height-scrolling\" style=\"background-color: rgba(255,255,255,0);background-position: center center;background-repeat: no-repeat;padding-top:0px;padding-right:0px;padding-bottom:0px;padding-left:0px;margin-bottom: 0px;margin-top: 0px;border-width: 0px 0px 0px 0px;border-color:#eae9e9;border-style:solid;\" ><div class=\"fusion-builder-row fusion-row\"><div class=\"fusion-layout-column fusion_builder_column fusion-builder-column-10 fusion_builder_column_1_2 1_2 fusion-one-half fusion-column-first\" style=\"width:50%;width:calc(50% - ( ( 4% ) * 0.5 ) );margin-right: 4%;margin-top:0px;margin-bottom:8%;\"><div class=\"fusion-column-wrapper fusion-flex-column-wrapper-legacy\" style=\"background-position:left top;background-repeat:no-repeat;-webkit-background-size:cover;-moz-background-size:cover;-o-background-size:cover;background-size:cover;padding: 0px 0px 0px 0px;\"><style type=\"text\/css\"><\/style><div class=\"fusion-title title fusion-title-9 fusion-sep-none fusion-title-text fusion-title-size-one\" style=\"margin-top:0px;margin-right:0px;margin-bottom:31px;margin-left:0px;\"><h1 class=\"title-heading-left\" style=\"margin:0;\">Einkauf vor Ort<\/h1><\/div><div class=\"fusion-text fusion-text-4\"><p>Kommen Sie zur Weinprobe! Mit Freunden, mit Ihrer Familie, oder auch mit einer gr\u00f6\u00dferen Gruppe (bis 25 Personen). Zur Terminanfrage setzen Sie sich bitte mit uns in Verbindung: Wir freuen uns auf Ihren Besuch!<\/p>\n<p>Der Weinverkauf ist von Montag bis Samstag ge\u00f6ffnet. Damit wir bei Ihrem Besuch ausreichend Zeit f\u00fcr Sie haben bitten wir um kurze <a href=\"https:\/\/weingut-spies.com\/index.php\/kontakt\/\"><u>telefonische Anmeldung<\/u><\/a>.<\/p>\n<p>Zweimal j\u00e4hrlich stellen wir unsere Weine in einer <a href=\"https:\/\/weingut-spies.com\/index.php\/2020\/04\/06\/veranstaltungen\/\"><u>offenen Verkostung<\/u><\/a> in unserem Weingut vor und laden alle Interessierten ein: Zur Fr\u00fchjahrsverkostung im Mai und zur Adventspr\u00e4sentation im November.<\/p>\n<\/div><div class=\"fusion-clearfix\"><\/div><\/div><\/div><div class=\"fusion-layout-column fusion_builder_column fusion-builder-column-11 fusion_builder_column_1_2 1_2 fusion-one-half fusion-column-last\" style=\"width:50%;width:calc(50% - ( ( 4% ) * 0.5 ) );margin-top:0px;margin-bottom:8%;\"><div class=\"fusion-column-wrapper fusion-flex-column-wrapper-legacy\" style=\"background-position:left top;background-repeat:no-repeat;-webkit-background-size:cover;-moz-background-size:cover;-o-background-size:cover;background-size:cover;padding: 0px 0px 0px 0px;\"><style type=\"text\/css\"><\/style><div class=\"fusion-title title fusion-title-10 fusion-sep-none fusion-title-text fusion-title-size-one\" style=\"margin-top:0px;margin-right:0px;margin-bottom:31px;margin-left:0px;\"><h1 class=\"title-heading-left\" style=\"margin:0;\">Versand\/Lieferung<\/h1><\/div><div class=\"fusion-text fusion-text-5\"><p>Wir versenden Ihre Weinbestellung per Paketdienst (UPS) in 6er oder 12er Spezialkartons. Bei Bestellung in unserem Online-Shop gelten die dort genannten Preise und Versandkonditionen. Im Online-Shop steht eine Auswahl an Weinen unseres Sortiments zur Verf\u00fcgung. Bei Bestellung per Kontaktformular, E-Mail od. telefonisch gelten die Abholpreise zzgl. Versand und Verpackung (\u20ac9,90 f\u00fcr den ersten Karton, \u20ac8,90 f\u00fcr jeden weiteren Karton). I.d.R. erfolgt die Lieferung innerhalb von 3 Werktagen nach Bestelleingang. Ab einer Bestellmenge von 120 Flaschen erfolgt der Versand per Spedition. F\u00fcr den <strong><em><a href=\"https:\/\/weinstore.net\/webshop\/19.0\/index.php?shop_id=ZiDQ2wAChhkWAvK1Js2CVg==&amp;user_id=ZiDQ2wACgMEm1Un\/BKXs\/g==&amp;\" target=\"_blank\" rel=\"noopener\">Einkauf im Online-Shop<\/a><\/em><\/strong> gelten die dort angegebenen Preise und Versandkonditionen.<\/p>\n<p>Mehrfach im Jahr fahren wir selbst Liefertouren, \u00fcberwiegend im April\/Mai und November\/Dezember. Die Mindestbestellmenge betr\u00e4gt 36 Flaschen und es wird eine Liefergeb\u00fchr (kilometerbezogen und pro Flasche) berechnet. Die Liefertermine werden individuell abgesprochen.<\/p>\n<\/div><div class=\"fusion-clearfix\"><\/div><\/div><\/div><div class=\"fusion-layout-column fusion_builder_column fusion-builder-column-12 fusion_builder_column_1_2 1_2 fusion-one-half fusion-column-first\" style=\"width:50%;width:calc(50% - ( ( 4% ) * 0.5 ) );margin-right: 4%;margin-top:0px;margin-bottom:8%;\"><div class=\"fusion-column-wrapper fusion-flex-column-wrapper-legacy\" style=\"background-position:left top;background-repeat:no-repeat;-webkit-background-size:cover;-moz-background-size:cover;-o-background-size:cover;background-size:cover;padding: 0px 0px 0px 0px;\"><span class=\" fusion-imageframe imageframe-none imageframe-4 hover-type-none\"><img decoding=\"async\" width=\"2560\" height=\"1920\" title=\"4. Aktuelles_Titelbild\" src=\"https:\/\/weingut-spies.com\/wp-content\/uploads\/2020\/07\/4.-Aktuelles_Titelbild-scaled.jpg\" class=\"img-responsive wp-image-3170\" srcset=\"https:\/\/weingut-spies.com\/wp-content\/uploads\/2020\/07\/4.-Aktuelles_Titelbild-200x150.jpg 200w, https:\/\/weingut-spies.com\/wp-content\/uploads\/2020\/07\/4.-Aktuelles_Titelbild-400x300.jpg 400w, https:\/\/weingut-spies.com\/wp-content\/uploads\/2020\/07\/4.-Aktuelles_Titelbild-600x450.jpg 600w, https:\/\/weingut-spies.com\/wp-content\/uploads\/2020\/07\/4.-Aktuelles_Titelbild-800x600.jpg 800w, https:\/\/weingut-spies.com\/wp-content\/uploads\/2020\/07\/4.-Aktuelles_Titelbild-1200x900.jpg 1200w, https:\/\/weingut-spies.com\/wp-content\/uploads\/2020\/07\/4.-Aktuelles_Titelbild-scaled.jpg 2560w\" sizes=\"(max-width: 1000px) 100vw, 800px\" \/><\/span><div class=\"fusion-clearfix\"><\/div><\/div><\/div><div class=\"fusion-layout-column fusion_builder_column fusion-builder-column-13 fusion_builder_column_1_2 1_2 fusion-one-half fusion-column-last\" style=\"width:50%;width:calc(50% - ( ( 4% ) * 0.5 ) );margin-top:0px;margin-bottom:8%;\"><div class=\"fusion-column-wrapper fusion-flex-column-wrapper-legacy\" style=\"background-position:left top;background-repeat:no-repeat;-webkit-background-size:cover;-moz-background-size:cover;-o-background-size:cover;background-size:cover;padding: 0px 0px 0px 0px;\"><span class=\" fusion-imageframe imageframe-none imageframe-5 hover-type-none\"><img decoding=\"async\" width=\"2560\" height=\"1920\" title=\"20210605_172004\" src=\"https:\/\/weingut-spies.com\/wp-content\/uploads\/2022\/09\/20210605_172004-scaled.jpg\" class=\"img-responsive wp-image-3595\" srcset=\"https:\/\/weingut-spies.com\/wp-content\/uploads\/2022\/09\/20210605_172004-200x150.jpg 200w, https:\/\/weingut-spies.com\/wp-content\/uploads\/2022\/09\/20210605_172004-400x300.jpg 400w, https:\/\/weingut-spies.com\/wp-content\/uploads\/2022\/09\/20210605_172004-600x450.jpg 600w, https:\/\/weingut-spies.com\/wp-content\/uploads\/2022\/09\/20210605_172004-800x600.jpg 800w, https:\/\/weingut-spies.com\/wp-content\/uploads\/2022\/09\/20210605_172004-1200x900.jpg 1200w, https:\/\/weingut-spies.com\/wp-content\/uploads\/2022\/09\/20210605_172004-scaled.jpg 2560w\" sizes=\"(max-width: 1000px) 100vw, 800px\" \/><\/span><div class=\"fusion-clearfix\"><\/div><\/div><\/div><\/div><\/div><\/p>\n","protected":false},"excerpt":{"rendered":"","protected":false},"author":1,"featured_media":3155,"parent":0,"menu_order":0,"comment_status":"closed","ping_status":"closed","template":"100-width.php","meta":{"footnotes":""},"class_list":["post-563","page","type-page","status-publish","has-post-thumbnail","hentry"],"aioseo_notices":[],"_links":{"self":[{"href":"https:\/\/weingut-spies.com\/index.php\/wp-json\/wp\/v2\/pages\/563","targetHints":{"allow":["GET"]}}],"collection":[{"href":"https:\/\/weingut-spies.com\/index.php\/wp-json\/wp\/v2\/pages"}],"about":[{"href":"https:\/\/weingut-spies.com\/index.php\/wp-json\/wp\/v2\/types\/page"}],"author":[{"embeddable":true,"href":"https:\/\/weingut-spies.com\/index.php\/wp-json\/wp\/v2\/users\/1"}],"replies":[{"embeddable":true,"href":"https:\/\/weingut-spies.com\/index.php\/wp-json\/wp\/v2\/comments?post=563"}],"version-history":[{"count":88,"href":"https:\/\/weingut-spies.com\/index.php\/wp-json\/wp\/v2\/pages\/563\/revisions"}],"predecessor-version":[{"id":4250,"href":"https:\/\/weingut-spies.com\/index.php\/wp-json\/wp\/v2\/pages\/563\/revisions\/4250"}],"wp:featuredmedia":[{"embeddable":true,"href":"https:\/\/weingut-spies.com\/index.php\/wp-json\/wp\/v2\/media\/3155"}],"wp:attachment":[{"href":"https:\/\/weingut-spies.com\/index.php\/wp-json\/wp\/v2\/media?parent=563"}],"curies":[{"name":"wp","href":"https:\/\/api.w.org\/{rel}","templated":true}]}}