{"id":2975,"date":"2020-04-06T09:10:35","date_gmt":"2020-04-06T09:10:35","guid":{"rendered":"https:\/\/hosting.tmc.jetzt\/WGS20002\/?page_id=2975"},"modified":"2023-04-20T09:47:03","modified_gmt":"2023-04-20T09:47:03","slug":"lieferbedingungen","status":"publish","type":"page","link":"https:\/\/weingut-spies.com\/index.php\/lieferbedingungen\/","title":{"rendered":"Lieferbedingungen"},"content":{"rendered":"<p>Die Preise verstehen sich ab Weingut einschlie\u00dflich der gesetzlichen Mehrwertsteuer. Bei Hausanlieferung mit unserem Lieferwagen erheben wir eine kilometerbezogene Geb\u00fchr pro Flasche (beginnend ab \u20ac 0,25\/Flasche). Mindestabnahme sind 36 Flaschen. Der Versand per Paketdienst erfolgt unfrei in unseren Spezialkartons gegen Berechnung der Eigenkosten. Als Einheit gilt bei 0,75 Liter und 1 Liter die Kartongr\u00f6\u00dfe von 6 od. 12 Flaschen. Beanstandungen k\u00f6nnen nur innerhalb von 14 Tagen nach Erhalt des Weines ber\u00fccksichtigt werden. Weinsteinausscheidungen sind naturbedingt, heben die Qualit\u00e4t des Weines und sind deshalb kein Grund zur Beanstandung. Sollte einmal eine Sorte ausverkauft sein, erlauben wir uns, einen in Qualit\u00e4t und Preis gleichwertigen Wein zu liefern. Zahlung der gelieferten Weine erbitten wir innerhalb 15 Tagen, ohne jeden Abzug, auf unser Bankkonto: Volksbank Alzey-Worms eG, BLZ 550 912 00, Konto Nr. 0023446600. Gerichtsstand f\u00fcr beide Teile ist Worms am Rhein.<\/p>\n","protected":false},"excerpt":{"rendered":"<p>Die Preise verstehen sich ab Weingut einschlie\u00dflich der gesetzlichen Mehrwertsteuer. [&hellip;]<\/p>\n","protected":false},"author":1,"featured_media":0,"parent":0,"menu_order":0,"comment_status":"closed","ping_status":"closed","template":"","meta":{"footnotes":""},"class_list":["post-2975","page","type-page","status-publish","hentry"],"aioseo_notices":[],"_links":{"self":[{"href":"https:\/\/weingut-spies.com\/index.php\/wp-json\/wp\/v2\/pages\/2975","targetHints":{"allow":["GET"]}}],"collection":[{"href":"https:\/\/weingut-spies.com\/index.php\/wp-json\/wp\/v2\/pages"}],"about":[{"href":"https:\/\/weingut-spies.com\/index.php\/wp-json\/wp\/v2\/types\/page"}],"author":[{"embeddable":true,"href":"https:\/\/weingut-spies.com\/index.php\/wp-json\/wp\/v2\/users\/1"}],"replies":[{"embeddable":true,"href":"https:\/\/weingut-spies.com\/index.php\/wp-json\/wp\/v2\/comments?post=2975"}],"version-history":[{"count":2,"href":"https:\/\/weingut-spies.com\/index.php\/wp-json\/wp\/v2\/pages\/2975\/revisions"}],"predecessor-version":[{"id":3745,"href":"https:\/\/weingut-spies.com\/index.php\/wp-json\/wp\/v2\/pages\/2975\/revisions\/3745"}],"wp:attachment":[{"href":"https:\/\/weingut-spies.com\/index.php\/wp-json\/wp\/v2\/media?parent=2975"}],"curies":[{"name":"wp","href":"https:\/\/api.w.org\/{rel}","templated":true}]}}