{"id":2973,"date":"2020-04-06T09:10:12","date_gmt":"2020-04-06T09:10:12","guid":{"rendered":"https:\/\/hosting.tmc.jetzt\/WGS20002\/?page_id=2973"},"modified":"2020-08-25T07:06:38","modified_gmt":"2020-08-25T07:06:38","slug":"allgemeine-geschaeftsbedingungen","status":"publish","type":"page","link":"https:\/\/weingut-spies.com\/index.php\/allgemeine-geschaeftsbedingungen\/","title":{"rendered":"Allgemeine Gesch\u00e4ftsbedingungen"},"content":{"rendered":"<div class=\"fusion-fullwidth fullwidth-box fusion-builder-row-1 nonhundred-percent-fullwidth non-hundred-percent-height-scrolling\" style=\"background-color: rgba(255,255,255,0);background-position: center center;background-repeat: no-repeat;padding-top:0px;padding-right:0px;padding-bottom:0px;padding-left:0px;margin-bottom: 0px;margin-top: 0px;border-width: 0px 0px 0px 0px;border-color:#eae9e9;border-style:solid;\" ><div class=\"fusion-builder-row fusion-row\"><div class=\"fusion-layout-column fusion_builder_column fusion-builder-column-0 fusion_builder_column_1_1 1_1 fusion-one-full fusion-column-first fusion-column-last\" style=\"margin-top:0px;margin-bottom:0px;\"><div class=\"fusion-column-wrapper fusion-flex-column-wrapper-legacy\" style=\"background-position:left top;background-repeat:no-repeat;-webkit-background-size:cover;-moz-background-size:cover;-o-background-size:cover;background-size:cover;padding: 0px 0px 0px 0px;\"><div class=\"fusion-text fusion-text-1\"><p><strong>AGB<\/strong> &#8211; Allgemeine Gesch\u00e4ftsbedingungen des Weinguts Spies, Inhaber Tobias Leib<\/p>\n<p><strong>\u00a71 Geltung gegen\u00fcber Unternehmern und Begriffsdefinitionen<\/strong><\/p>\n<p>(1) Die nachfolgenden Allgemeinen Gesch\u00e4ftsbedingungen gelten f\u00fcr alle Lieferungen zwischen uns und einem Verbraucher in ihrer zum Zeitpunkt der Bestellung g\u00fcltigen Fassung.<\/p>\n<p>Verbraucher ist jede nat\u00fcrliche Person, die ein Rechtsgesch\u00e4ft zu Zwecken abschlie\u00dft, die \u00fcberwiegend weder ihrer gewerblichen noch ihrer selbst\u00e4ndigen beruflichen T\u00e4tigkeit zugerechnet werden k\u00f6nnen (\u00a7 13 BGB).<\/p>\n<p><strong>\u00a72 Zustandekommen eines Vertrages, Speicherung des Vertragstextes<\/strong><\/p>\n<p>(1) Die folgenden Regelungen \u00fcber den Vertragsabschluss gelten f\u00fcr alle Bestellungen \u00fcber unser Kontaktformular (<span style=\"background-color: rgba(255, 255, 255, 0); font-family: var(--body_typography-font-family); font-size: var(--body_typography-font-size); font-style: var(--body_typography-font-style,normal); font-weight: var(--body_typography-font-weight); letter-spacing: var(--body_typography-letter-spacing); color: rgb(0, 110, 255);\"><u><a href=\"https:\/\/www.weingut-spies.com\" style=\"color: rgb(0, 110, 255);\">https:\/\/www.weingut-spies.com<\/a><\/u><\/span><span style=\"background-color: rgba(255, 255, 255, 0); color: var(--body_typography-color); font-family: var(--body_typography-font-family); font-size: var(--body_typography-font-size); font-style: var(--body_typography-font-style,normal); font-weight: var(--body_typography-font-weight); letter-spacing: var(--body_typography-letter-spacing);\">)<\/span><span style=\"background-color: rgba(255, 255, 255, 0); color: var(--body_typography-color); font-family: var(--body_typography-font-family); font-size: var(--body_typography-font-size); font-style: var(--body_typography-font-style,normal); font-weight: var(--body_typography-font-weight); letter-spacing: var(--body_typography-letter-spacing);\">, per E-Mail oder telefonisch.<\/span><\/p>\n<p><strong>(2) Im Falle des Vertragsschlusses kommt der Vertrag mit<\/strong><\/p>\n<p><strong>Weingut Gerold Spies, Inh. Tobias Leib<br \/>\nTobias Leib<br \/>\nFlachsgasse 2<br \/>\nD-67596 Dittelsheim-Hessloch<\/strong><\/p>\n<p><strong>USt. ID Nr. DE293593177<\/strong><\/p>\n<p><strong>zustande.<\/strong><\/p>\n<p><strong>Aufsichtsbeh\u00f6rde<\/strong><br \/>\nMinisterium f\u00fcr Wirtschaft, Verkehr, Landwirtschaft und Weinbau<br \/>\nStiftsstra\u00dfe 9 \u2022 55116 Mainz<br \/>\n<u><span style=\"color: rgb(0, 110, 255);\"><a href=\"https:\/\/mwvlw.rlp.de\" style=\"color: rgb(0, 110, 255);\">https:\/\/mwvlw.rlp.de<\/a><\/span><\/u><\/p>\n<p><strong>Landwirtschaftskammer<\/strong><br \/>\nWir geh\u00f6ren der Landwirtschafskammer Rheinland-Pfalz an.<br \/>\nZentrale: Burgenlandstr. 7 55543 Bad Kreuznach<br \/>\nDienststelle: Weinbauamt Alzey, Otto-Lilienthalstra\u00dfe 4, 55232 Alzey<br \/>\n<u style=\"color: rgb(0, 110, 255);\"><a href=\"https:\/\/www.lwk-rlp.de\" style=\"color: rgb(0, 110, 255);\">ht<span style=\"color: rgb(0, 110, 255);\">tps:\/\/www.lwk-rlp.de<\/span><\/a><\/u><\/p>\n<p>Gesetzliche Grundlage unserer T\u00e4tigkeit: <a href=\"http:\/\/bundesrecht.juris.de\/weing_1994\/index.html\">Weingesetz (WeinG)<\/a><\/p>\n<p>(3) Die Pr\u00e4sentation der Waren auf unserer Internetseite stellt kein rechtlich bindendes Vertragsangebot unsererseits dar, sondern sind nur eine unverbindliche Aufforderungen an den Verbraucher, Waren zu bestellen. Mit der Bestellung der gew\u00fcnschten Ware gibt der Verbraucher ein f\u00fcr ihn verbindliches Angebot auf Abschluss eines Kaufvertrages ab.<\/p>\n<p>Die Annahme des Angebots erfolgt schriftlich oder in Textform oder durch \u00dcbersendung der bestellten Ware innerhalb von einer Woche. Nach fruchtlosem Ablauf der Frist gilt das Angebot als abgelehnt.<\/p>\n<p>(4) Bei Eingang einer Bestellung gelten folgende Regelungen: Der Verbraucher gibt ein bindendes Vertragsangebot ab, indem er die gew\u00fcnschte Ware ausw\u00e4hlt und per Kontaktformular, E-Mail oder telefonisch verbindlich bestellt.<\/p>\n<p>Wir best\u00e4tigen den Eingang der Bestellung innerhalb von 3 Werktagen auf dem Wege der Bestellung (bei Bestellung per Kontaktformular oder E-Mail erfolgt die Best\u00e4tigung per E-Mail (Eingangsbest\u00e4tigung), bei telefonischer Bestellung erfolgt keine gesonderte Best\u00e4tigung. Diese stellt eine Annahme des Angebotes dar.<\/p>\n<p><strong>(5)<\/strong> Der Verk\u00e4ufer geht Vertragsbeziehungen nur mit vollj\u00e4hrigen Kunden ein. Der Kunde ist verpflichtet, daf\u00fcr Sorge zu tragen, dass nur er selbst oder von ihm zur Entgegennahme der Lieferung erm\u00e4chtigte vollj\u00e4hrige Personen die Warenlieferung entgegen nehmen.<\/p>\n<p>(6) Speicherung des Vertragstextes bei Bestellungen \u00fcber unser Kontaktformular oder per E-Mail. Die AGB k\u00f6nnen Sie jederzeit unter <span style=\"color: rgb(0, 110, 255);\"><u><a href=\"https:\/\/www.weingut-spies.com\/agb.html\" style=\"color: rgb(0, 110, 255);\">https:\/\/www.weingut-spies.com\/agb.html<\/a><\/u><\/span> einsehen. Ihre Bestelldaten sind aus Sicherheitsgr\u00fcnden nicht mehr \u00fcber das Internet zug\u00e4nglich.<\/p>\n<p><strong>\u00a73 Preise, Versandkosten, Zahlung, F\u00e4lligkeit<\/strong><\/p>\n<p>(1) Die angegebenen Preise enthalten die gesetzliche deutsche Mehrwertsteuer. Hinzu kommen etwaige Verpackungs- und Versandkosten.<\/p>\n<p>(2) Der Verbraucher hat die M\u00f6glichkeit der Zahlung per Vorkasse oder Rechnung (Bonit\u00e4t vorausgesetzt).<\/p>\n<p>(3) Hat der Verbraucher die Zahlung per Vorkasse gew\u00e4hlt, so verpflichtet er sich, den Kaufpreis unverz\u00fcglich nach Vertragsschluss zu zahlen.<\/p>\n<p><strong>\u00a74 Lieferung<\/strong><\/p>\n<p>(1) Sofern wir dies in der Produktbeschreibung nicht deutlich anders angegeben haben, sind alle von uns angebotenen Artikel innerhalb von 5 Werktagen versandfertig. Die Lieferung bei der Bestellung zum Versand erfolgt hier i.d.R. innerhalb von 5 Werktagen. Dabei beginnt die Frist f\u00fcr die Lieferung im Falle der Zahlung per Vorkasse am Tag nach Zahlungsauftrag an die mit der \u00dcberweisung beauftragte Bank und bei allen anderen Zahlungsarten am Tag nach Vertragsschluss zu laufen. F\u00e4llt das Fristende auf einen Samstag, Sonntag oder gesetzlichen Feiertag am Lieferort, so endet die Frist am n\u00e4chsten Werktag. Bei Bestellungen zur Auslieferung wird der Liefertermin zwischen dem Verbraucher und dem Weingut Spies individuell abgestimmt.<\/p>\n<p>(2) Die Gefahr des zuf\u00e4lligen Untergangs und der zuf\u00e4lligen Verschlechterung der verkauften Sache geht auch beim Versendungskauf erst mit der \u00dcbergabe der Sache an den K\u00e4ufer auf diesen \u00fcber.<\/p>\n<p><strong>\u00a75 Eigentumsvorbehalt<\/strong><\/p>\n<p>Wir behalten uns das Eigentum an der Ware bis zur vollst\u00e4ndigen Bezahlung des Kaufpreises vor.<\/p>\n<p>****************************************************************************************************<\/p>\n<p><strong>\u00a76 Widerrufsrecht des Kunden als Verbraucher: <\/strong><\/p>\n<p><strong>Widerrufsrecht f\u00fcr Verbraucher<\/strong><\/p>\n<p>Verbrauchern steht ein Widerrufsrecht nach folgender Ma\u00dfgabe zu, wobei Verbraucher jede nat\u00fcrliche Person ist, die ein Rechtsgesch\u00e4ft zu Zwecken abschlie\u00dft, die \u00fcberwiegend weder ihrer gewerblichen noch ihrer selbst\u00e4ndigen beruflichen T\u00e4tigkeit zugerechnet werden k\u00f6nnen:<\/p>\n<p><strong>Widerrufsbelehrung<\/strong><\/p>\n<p><strong>Widerrufsrecht<\/strong><\/p>\n<p>Sie haben das Recht, binnen vierzehn Tagen ohne Angabe von Gr\u00fcnden diesen Vertrag zu widerrufen.<\/p>\n<p>Die Widerrufsfrist betr\u00e4gt vierzehn Tage, ab dem Tag, an dem Sie oder ein von Ihnen benannter Dritter, der nicht der Bef\u00f6rderer ist, die Waren in Besitz genommen haben bzw. hat.<\/p>\n<p>Um Ihr Widerrufsrecht auszu\u00fcben, m\u00fcssen Sie uns<\/p>\n<p><strong>Weingut Gerold Spies, Inh. Tobias Leib<br \/>\nTobias Leib<br \/>\nFlachsgasse 2<br \/>\nD-67596 Dittelsheim-Hessloch<\/strong><\/p>\n<p>E-Mail weingut.spies@t-online.de<\/p>\n<p>mittels einer eindeutigen Erkl\u00e4rung (z.B. ein mit der Post versandter Brief oder E-Mail) \u00fcber Ihren Entschluss, diesen Vertrag zu widerrufen, informieren. Sie k\u00f6nnen daf\u00fcr das beigef\u00fcgte Muster-Widerrufsformular verwenden, das jedoch nicht vorgeschrieben ist.<\/p>\n<p><strong>Widerrufsfolgen<\/strong><\/p>\n<p>Wenn Sie diesen Vertrag widerrufen, haben wir Ihnen alle Zahlungen, die wir von Ihnen erhalten haben, einschlie\u00dflich der Lieferkosten (mit Ausnahme der zus\u00e4tzlichen Kosten, die sich daraus ergeben, dass Sie eine andere Art der Lieferung als die von uns angebotene, g\u00fcnstigste Standardlieferung gew\u00e4hlt haben), unverz\u00fcglich und sp\u00e4testens binnen vierzehn Tagen ab dem Tag zur\u00fcckzuzahlen, an dem die Mitteilung \u00fcber Ihren Widerruf dieses Vertrags bei uns eingegangen ist. F\u00fcr diese R\u00fcckzahlung verwenden wir dasselbe Zahlungsmittel, das Sie bei der urspr\u00fcnglichen Transaktion eingesetzt haben, es sei denn, mit Ihnen wurde ausdr\u00fccklich etwas anderes vereinbart; in keinem Fall werden Ihnen wegen dieser R\u00fcckzahlung Entgelte berechnet.<\/p>\n<p>Wir k\u00f6nnen die R\u00fcckzahlung verweigern, bis wir die Waren wieder zur\u00fcckerhalten haben oder bis Sie den Nachweis erbracht haben, dass Sie die Waren zur\u00fcckgesandt haben, je nachdem, welches der fr\u00fchere Zeitpunkt ist.<\/p>\n<p>Sie haben die Waren unverz\u00fcglich und in jedem Fall sp\u00e4testens binnen vierzehn Tagen ab dem Tag, an dem Sie uns \u00fcber den Widerruf dieses Vertrages unterrichten, an uns zur\u00fcckzusenden oder zu \u00fcbergeben. Die Frist ist gewahrt, wenn Sie die Waren vor Ablauf der Frist von vierzehn Tagen absenden.<\/p>\n<p>Sie tragen die unmittelbaren Kosten der R\u00fccksendung der Waren.<\/p>\n<p><strong>Ende der Widerrufsbelehrung<\/strong><\/p>\n<p>****************************************************************************************************<\/p>\n<p><strong>\u00a77 Widerrufsformular<\/strong><\/p>\n<p><strong>Muster-Widerrufsformular<\/strong><\/p>\n<p>(Wenn Sie den Vertrag widerrufen wollen, dann f\u00fcllen Sie bitte dieses Formular aus und senden Sie es zur\u00fcck.)<\/p>\n<p>An :<br \/>\n<strong>Weingut Gerold Spies, Inh. Tobias Leib<br \/>\nTobias Leib<br \/>\nFlachsgasse 2<br \/>\nD-67596 Dittelsheim-Hessloch<\/strong><\/p>\n<p>E-Mail weingut.spies@t-online.de<\/p>\n<p>Hiermit widerrufe(n) ich\/wir (*) den von mir\/uns (*) abgeschlossenen Vertrag \u00fcber den Kauf der folgenden Waren (*)\/die Erbringung der folgenden Dienstleistung (*)<\/p>\n<p>_____________________________________________________<\/p>\n<p>Bestellt am (*)\/erhalten am (*)<\/p>\n<p>__________________<\/p>\n<p>Name des\/der Verbraucher(s)<\/p>\n<p>_____________________________________________________<\/p>\n<p>Anschrift des\/der Verbraucher(s)<\/p>\n<p>_____________________________________________________<\/p>\n<p>Unterschrift des\/der Verbraucher(s) (nur bei Mitteilung auf Papier)<\/p>\n<p>__________________<\/p>\n<p>Datum<\/p>\n<p>__________________<\/p>\n<p>(*) Unzutreffendes streichen.<\/p>\n<p><strong>\u00a78 Gew\u00e4hrleistung <\/strong><\/p>\n<p>Es gelten die gesetzlichen Gew\u00e4hrleistungsregelungen.<\/p>\n<p><strong>\u00a79 M\u00e4ngelrecht<\/strong><\/p>\n<p>Es gilt das gesetzliche M\u00e4ngelhaftungsrecht.<\/p>\n<p><strong>\u00a710 Vertragssprache<\/strong><\/p>\n<p>Als Vertragssprache steht ausschlie\u00dflich Deutsch zur Verf\u00fcgung.<\/p>\n<p>Stand der AGB Apr.2020<\/p>\n<p><a href=\"http:\/\/www.agb.de\"><em>Gratis AGB<\/em><\/a><em> erstellt von agb.de<\/em><\/p>\n<\/div><div class=\"fusion-clearfix\"><\/div><\/div><\/div><\/div><\/div>\n","protected":false},"excerpt":{"rendered":"","protected":false},"author":1,"featured_media":0,"parent":0,"menu_order":0,"comment_status":"closed","ping_status":"closed","template":"","meta":{"footnotes":""},"class_list":["post-2973","page","type-page","status-publish","hentry"],"aioseo_notices":[],"_links":{"self":[{"href":"https:\/\/weingut-spies.com\/index.php\/wp-json\/wp\/v2\/pages\/2973","targetHints":{"allow":["GET"]}}],"collection":[{"href":"https:\/\/weingut-spies.com\/index.php\/wp-json\/wp\/v2\/pages"}],"about":[{"href":"https:\/\/weingut-spies.com\/index.php\/wp-json\/wp\/v2\/types\/page"}],"author":[{"embeddable":true,"href":"https:\/\/weingut-spies.com\/index.php\/wp-json\/wp\/v2\/users\/1"}],"replies":[{"embeddable":true,"href":"https:\/\/weingut-spies.com\/index.php\/wp-json\/wp\/v2\/comments?post=2973"}],"version-history":[{"count":12,"href":"https:\/\/weingut-spies.com\/index.php\/wp-json\/wp\/v2\/pages\/2973\/revisions"}],"predecessor-version":[{"id":3355,"href":"https:\/\/weingut-spies.com\/index.php\/wp-json\/wp\/v2\/pages\/2973\/revisions\/3355"}],"wp:attachment":[{"href":"https:\/\/weingut-spies.com\/index.php\/wp-json\/wp\/v2\/media?parent=2973"}],"curies":[{"name":"wp","href":"https:\/\/api.w.org\/{rel}","templated":true}]}}